{"id":36158,"date":"2017-10-30T17:25:00","date_gmt":"2017-10-30T15:25:00","guid":{"rendered":"https:\/\/iehana.com\/shop\/uncategorized\/set-4-produse-ten-normal-mixt\/"},"modified":"2024-01-12T18:16:58","modified_gmt":"2024-01-12T16:16:58","slug":"4-products-skincare-routine-for-normal-and-combination-skin","status":"publish","type":"product","link":"https:\/\/iehana.com\/en\/shop\/skin-types\/normal-mixt-skin\/4-products-skincare-routine-for-normal-and-combination-skin\/","title":{"rendered":"4 Products Skincare Routine for Normal and Combination Skin"},"content":{"rendered":"<p>The set includes four products for a complete skincare routine for normal and combination skin. The carefully selected products are designed to purify and hydrate your skin, ultimately enhancing it to achieve a luminous and radiant appearance.<\/p>\n<p>This set includes:<\/p>\n<p>Bi-Phase Elixir &#8211; Makeup Remover &#8211; 200 ml<\/p>\n<p>Tonic Water Facial Toner with Dragon&#8217;s Blood &#8211; 200 ml<\/p>\n<p>Perfect Skin Day and night moisturiser for normal and combination skin &#8211; 60 ml<\/p>\n<p>Purple Mud &#8211; Face mask for lifting and hydration pores &#8211; 50 ml<\/p>\n<p><a href=\"https:\/\/iehana.com\/wp-content\/uploads\/2017\/10\/normal-mixt-scaled.jpg\"><img loading=\"lazy\" decoding=\"async\" class=\"alignnone wp-image-14447 size-full\" src=\"https:\/\/iehana.com\/wp-content\/uploads\/2017\/10\/normal-mixt-scaled.jpg\" alt=\"\" width=\"3000\" height=\"1570\" srcset=\"https:\/\/iehana.com\/wp-content\/uploads\/2017\/10\/normal-mixt-scaled.jpg 2560w, https:\/\/iehana.com\/wp-content\/uploads\/2017\/10\/normal-mixt-scaled-1200x628.jpg 1200w, https:\/\/iehana.com\/wp-content\/uploads\/2017\/10\/normal-mixt-300x157.jpg 300w, https:\/\/iehana.com\/wp-content\/uploads\/2017\/10\/normal-mixt-1024x536.jpg 1024w, https:\/\/iehana.com\/wp-content\/uploads\/2017\/10\/normal-mixt-768x402.jpg 768w, https:\/\/iehana.com\/wp-content\/uploads\/2017\/10\/normal-mixt-1536x804.jpg 1536w, https:\/\/iehana.com\/wp-content\/uploads\/2017\/10\/normal-mixt-2048x1072.jpg 2048w, https:\/\/iehana.com\/wp-content\/uploads\/2017\/10\/normal-mixt-18x9.jpg 18w, https:\/\/iehana.com\/wp-content\/uploads\/2017\/10\/normal-mixt-600x314.jpg 600w\" sizes=\"auto, (max-width: 3000px) 100vw, 3000px\" \/><\/a><\/p>\n<h2><b>Cum se aplic\u0103?<\/b><\/h2>\n<p><span style=\"font-weight: 400;\">Pasul 1. \u00cendep\u0103rteaz\u0103 impurit\u0103\u021bile \u0219i machiajul cu ajutorul produsului de cur\u0103\u021bare Bi-Phase Elixir folosind un tampon de bumbac.<\/span><span style=\"font-weight: 400;\"><br \/>\n<\/span><span style=\"font-weight: 400;\">Pasul 2. Aplic\u0103i tonicul facial Tonic Water cu ajutorul unui tampon de bumbac.<\/span><span style=\"font-weight: 400;\"><br \/>\n<\/span><span style=\"font-weight: 400;\">Pasul 3. Aplic\u0103 masca de fa\u021b\u0103 Purple Mud (de dou\u0103 ori pe s\u0103pt\u0103m\u00e2n\u0103, timp de ac\u021biune de 10-15 min).<\/span><span style=\"font-weight: 400;\"><br \/>\n<\/span><span style=\"font-weight: 400;\">Pasul 4. Hidrateaz\u0103-\u021bi pielea aplic\u00e2nd crema hidratant\u0103 Perfect Skin, diminea\u021ba \u0219i seara.<\/span><\/p>\n<p><b>Beneficii<\/b><span style=\"font-weight: 400;\">:<\/span><\/p>\n<ul>\n<li style=\"font-weight: 400;\" aria-level=\"1\"><span style=\"font-weight: 400;\">piele s\u0103n\u0103toas\u0103 \u0219i radiant\u0103<\/span><\/li>\n<li style=\"font-weight: 400;\" aria-level=\"1\"><span style=\"font-weight: 400;\">hidratare intens\u0103, piele mai fin\u0103<\/span><\/li>\n<li style=\"font-weight: 400;\" aria-level=\"1\"><span style=\"font-weight: 400;\">previne semnele de \u00eemb\u0103tr\u00e2nire prematur\u0103<\/span><\/li>\n<\/ul>\n","protected":false},"excerpt":{"rendered":"<div class=\"woocommerce-product-details__short-description\">\n<p>Four effective products for a complete skincare routine.<\/p>\n<\/div>\n<form class=\"cart\" action=\"https:\/\/iehana.com\/product\/beauty-kit-dry-sensitive\/\" enctype=\"multipart\/form-data\" method=\"post\">\n<div class=\"ct-cart-actions ct-ajax-add-to-cart\">\n<div class=\"quantity\"><\/div>\n<\/div>\n<\/form>\n","protected":false},"featured_media":34497,"comment_status":"open","ping_status":"closed","template":"","meta":{"_acf_changed":false},"product_brand":[],"product_cat":[829,772,656,663,775,675,692,696],"product_tag":[],"class_list":{"0":"post-36158","1":"product","2":"type-product","3":"status-publish","4":"has-post-thumbnail","6":"product_cat-christmas-gifts","7":"product_cat-gifts","8":"product_cat-home-spa","9":"product_cat-normal-mixt-skin","10":"product_cat-skin-care-sets","11":"product_cat-special-offers","12":"product_cat-spring-essentials","13":"product_cat-valentines-day","15":"first","16":"instock","17":"sale","18":"shipping-taxable","19":"purchasable","20":"product-type-simple"},"acf":[],"_links":{"self":[{"href":"https:\/\/iehana.com\/en\/wp-json\/wp\/v2\/product\/36158","targetHints":{"allow":["GET"]}}],"collection":[{"href":"https:\/\/iehana.com\/en\/wp-json\/wp\/v2\/product"}],"about":[{"href":"https:\/\/iehana.com\/en\/wp-json\/wp\/v2\/types\/product"}],"replies":[{"embeddable":true,"href":"https:\/\/iehana.com\/en\/wp-json\/wp\/v2\/comments?post=36158"}],"wp:featuredmedia":[{"embeddable":true,"href":"https:\/\/iehana.com\/en\/wp-json\/wp\/v2\/media\/34497"}],"wp:attachment":[{"href":"https:\/\/iehana.com\/en\/wp-json\/wp\/v2\/media?parent=36158"}],"wp:term":[{"taxonomy":"product_brand","embeddable":true,"href":"https:\/\/iehana.com\/en\/wp-json\/wp\/v2\/product_brand?post=36158"},{"taxonomy":"product_cat","embeddable":true,"href":"https:\/\/iehana.com\/en\/wp-json\/wp\/v2\/product_cat?post=36158"},{"taxonomy":"product_tag","embeddable":true,"href":"https:\/\/iehana.com\/en\/wp-json\/wp\/v2\/product_tag?post=36158"}],"curies":[{"name":"wp","href":"https:\/\/api.w.org\/{rel}","templated":true}]}}